{"id":171,"date":"2023-09-15T22:58:41","date_gmt":"2023-09-15T20:58:41","guid":{"rendered":"https:\/\/santa-barbara-anna.de\/?page_id=171"},"modified":"2024-03-13T22:30:07","modified_gmt":"2024-03-13T21:30:07","slug":"leitfaden-fuer-neue-mitglieder","status":"publish","type":"page","link":"https:\/\/santa-barbara-anna.de\/en\/leitfaden-fuer-neue-mitglieder\/","title":{"rendered":"manual for new members (in German only)."},"content":{"rendered":"<div data-elementor-type=\"wp-post\" data-elementor-id=\"171\" class=\"elementor elementor-171\" data-elementor-post-type=\"page\">\n\t\t\t\t\t\t<section class=\"elementor-section elementor-top-section elementor-element elementor-element-456f0c3 elementor-section-boxed elementor-section-height-default elementor-section-height-default\" data-id=\"456f0c3\" data-element_type=\"section\" data-e-type=\"section\" data-settings=\"{&quot;background_background&quot;:&quot;classic&quot;,&quot;shape_divider_bottom&quot;:&quot;tilt&quot;,&quot;jet_parallax_layout_list&quot;:[]}\">\n\t\t\t\t\t\t\t<div class=\"elementor-background-overlay\"><\/div>\n\t\t\t\t\t\t<div class=\"elementor-shape elementor-shape-bottom\" aria-hidden=\"true\" data-negative=\"false\">\n\t\t\t<svg xmlns=\"http:\/\/www.w3.org\/2000\/svg\" viewbox=\"0 0 1000 100\" preserveaspectratio=\"none\">\n\t<path class=\"elementor-shape-fill\" d=\"M0,6V0h1000v100L0,6z\"\/>\n<\/svg>\t\t<\/div>\n\t\t\t\t\t<div class=\"elementor-container elementor-column-gap-default\">\n\t\t\t\t\t<div class=\"elementor-column elementor-col-100 elementor-top-column elementor-element elementor-element-8586c6a\" data-id=\"8586c6a\" data-element_type=\"column\" data-e-type=\"column\">\n\t\t\t<div class=\"elementor-widget-wrap elementor-element-populated\">\n\t\t\t\t\t\t<div class=\"elementor-element elementor-element-e86fad8 elementor-widget elementor-widget-spacer\" data-id=\"e86fad8\" data-element_type=\"widget\" data-e-type=\"widget\" data-widget_type=\"spacer.default\">\n\t\t\t\t<div class=\"elementor-widget-container\">\n\t\t\t\t\t\t\t<div class=\"elementor-spacer\">\n\t\t\t<div class=\"elementor-spacer-inner\"><\/div>\n\t\t<\/div>\n\t\t\t\t\t\t<\/div>\n\t\t\t\t<\/div>\n\t\t\t\t<div class=\"elementor-element elementor-element-af61a9e elementor-widget elementor-widget-heading\" data-id=\"af61a9e\" data-element_type=\"widget\" data-e-type=\"widget\" data-widget_type=\"heading.default\">\n\t\t\t\t<div class=\"elementor-widget-container\">\n\t\t\t\t\t<h2 class=\"elementor-heading-title elementor-size-default\">Leitfaden f\u00fcr <br> neue Mitglieder<\/h2>\t\t\t\t<\/div>\n\t\t\t\t<\/div>\n\t\t\t\t<div class=\"elementor-element elementor-element-abb28fb elementor-widget elementor-widget-spacer\" data-id=\"abb28fb\" data-element_type=\"widget\" data-e-type=\"widget\" data-widget_type=\"spacer.default\">\n\t\t\t\t<div class=\"elementor-widget-container\">\n\t\t\t\t\t\t\t<div class=\"elementor-spacer\">\n\t\t\t<div class=\"elementor-spacer-inner\"><\/div>\n\t\t<\/div>\n\t\t\t\t\t\t<\/div>\n\t\t\t\t<\/div>\n\t\t\t\t\t<\/div>\n\t\t<\/div>\n\t\t\t\t\t<\/div>\n\t\t<\/section>\n\t\t\t\t<section class=\"elementor-section elementor-top-section elementor-element elementor-element-46beacf elementor-section-boxed elementor-section-height-default elementor-section-height-default\" data-id=\"46beacf\" data-element_type=\"section\" data-e-type=\"section\" data-settings=\"{&quot;jet_parallax_layout_list&quot;:[]}\">\n\t\t\t\t\t\t<div class=\"elementor-container elementor-column-gap-default\">\n\t\t\t\t\t<div class=\"elementor-column elementor-col-100 elementor-top-column elementor-element elementor-element-0274a9b\" data-id=\"0274a9b\" data-element_type=\"column\" data-e-type=\"column\">\n\t\t\t<div class=\"elementor-widget-wrap elementor-element-populated\">\n\t\t\t\t\t\t<div class=\"elementor-element elementor-element-96a628b elementor-widget elementor-widget-heading\" data-id=\"96a628b\" data-element_type=\"widget\" data-e-type=\"widget\" data-widget_type=\"heading.default\">\n\t\t\t\t<div class=\"elementor-widget-container\">\n\t\t\t\t\t<h2 class=\"elementor-heading-title elementor-size-default\">Neu im Verein - wie geht es jetzt weiter?<\/h2>\t\t\t\t<\/div>\n\t\t\t\t<\/div>\n\t\t\t\t<div class=\"elementor-element elementor-element-fd09cbc elementor-widget elementor-widget-text-editor\" data-id=\"fd09cbc\" data-element_type=\"widget\" data-e-type=\"widget\" data-widget_type=\"text-editor.default\">\n\t\t\t\t<div class=\"elementor-widget-container\">\n\t\t\t\t\t\t\t\t\t<p>Hallo und nochmals herzlich willkommen im Bramschot e.V.! Um den Einstieg ins aktive Vereinsleben ein wenig zu erleichtern, erh\u00e4ltst du nachfolgend ein paar Infos zum Vereinsgeschehen.<\/p>\t\t\t\t\t\t\t\t<\/div>\n\t\t\t\t<\/div>\n\t\t\t\t<div class=\"elementor-element elementor-element-2ba80ec elementor-widget elementor-widget-toggle\" data-id=\"2ba80ec\" data-element_type=\"widget\" data-e-type=\"widget\" data-widget_type=\"toggle.default\">\n\t\t\t\t<div class=\"elementor-widget-container\">\n\t\t\t\t\t\t\t<div class=\"elementor-toggle\">\n\t\t\t\t\t\t\t<div class=\"elementor-toggle-item\">\n\t\t\t\t\t<div id=\"elementor-tab-title-4571\" class=\"elementor-tab-title\" data-tab=\"1\" role=\"button\" aria-controls=\"elementor-tab-content-4571\" aria-expanded=\"false\">\n\t\t\t\t\t\t\t\t\t\t\t\t<span class=\"elementor-toggle-icon elementor-toggle-icon-left\" aria-hidden=\"true\">\n\t\t\t\t\t\t\t\t\t\t\t\t\t\t\t<span class=\"elementor-toggle-icon-closed\"><i class=\"fas fa-caret-right\"><\/i><\/span>\n\t\t\t\t\t\t\t\t<span class=\"elementor-toggle-icon-opened\"><i class=\"elementor-toggle-icon-opened fas fa-caret-up\"><\/i><\/span>\n\t\t\t\t\t\t\t\t\t\t\t\t\t<\/span>\n\t\t\t\t\t\t\t\t\t\t\t\t<a class=\"elementor-toggle-title\" tabindex=\"0\">Schiffserhalt\/Winterarbeit<\/a>\n\t\t\t\t\t<\/div>\n\n\t\t\t\t\t<div id=\"elementor-tab-content-4571\" class=\"elementor-tab-content elementor-clearfix\" data-tab=\"1\" role=\"region\" aria-labelledby=\"elementor-tab-title-4571\"><p>Unsere SANTA BARBARA ANNA allzeit fahrbereit zu erhalten, erfordert enorm viel Arbeit.&nbsp;Die wird von uns Mitgliedern ganzj\u00e4hrig geleistet.&nbsp;Haupts\u00e4chlich nutzen wir dazu die&nbsp;t\u00f6rnfreie Zeit von ungef\u00e4hr Oktober bis April sowie alle 5 Jahre einen mehrw\u00f6chigen Werftaufenthalt. Rund ums Jahr&nbsp;&#8211; sofern keine T\u00f6rns anstehen &#8211; finden dienstags und donnerstags von 09:00 \u2013 15:00 Uhr Arbeitseins\u00e4tze statt. R\u00fcckfragen hierzu bitte direkt am Schiff zu den genannten Zeiten. W\u00e4hrend der Wintermonate kommen zus\u00e4tzliche Termine an Samstagen hinzu, damit auch berufst\u00e4tige Mitglieder mit konventionellen Arbeitszeiten ihre Arbeitskraft zum Schiffserhalt einbringen k\u00f6nnen.<\/p><\/div>\n\t\t\t\t<\/div>\n\t\t\t\t\t\t\t<div class=\"elementor-toggle-item\">\n\t\t\t\t\t<div id=\"elementor-tab-title-4572\" class=\"elementor-tab-title\" data-tab=\"2\" role=\"button\" aria-controls=\"elementor-tab-content-4572\" aria-expanded=\"false\">\n\t\t\t\t\t\t\t\t\t\t\t\t<span class=\"elementor-toggle-icon elementor-toggle-icon-left\" aria-hidden=\"true\">\n\t\t\t\t\t\t\t\t\t\t\t\t\t\t\t<span class=\"elementor-toggle-icon-closed\"><i class=\"fas fa-caret-right\"><\/i><\/span>\n\t\t\t\t\t\t\t\t<span class=\"elementor-toggle-icon-opened\"><i class=\"elementor-toggle-icon-opened fas fa-caret-up\"><\/i><\/span>\n\t\t\t\t\t\t\t\t\t\t\t\t\t<\/span>\n\t\t\t\t\t\t\t\t\t\t\t\t<a class=\"elementor-toggle-title\" tabindex=\"0\">Termine<\/a>\n\t\t\t\t\t<\/div>\n\n\t\t\t\t\t<div id=\"elementor-tab-content-4572\" class=\"elementor-tab-content elementor-clearfix\" data-tab=\"2\" role=\"region\" aria-labelledby=\"elementor-tab-title-4572\"><p>Viele unserer Vereinsveranstaltungen (z.B. Winterarbeit, Ausbildung, T\u00f6rns) werden im <a href=\"https:\/\/santa-barbara-anna.de\/en\/intern\/interner-toernplan\/\">internen Bereich<\/a> unserer Homepage ver\u00f6ffentlicht. Bitte informiere dich dort regelm\u00e4\u00dfig \u00fcber anstehende Termine\/Ausfahrten und melde dich online an (und im Verhinderungsfall auch wieder ab).\u00a0<\/p><p>Du erh\u00e4ltst nach dem Eintritt in den Verein ein Konto auf der Webseite. Damit hast Du Zugriff auf den internen T\u00f6rnplan mit der Anmeldem\u00f6glichkeit.\u00a0<span style=\"color: var( --e-global-color-text ); font-family: var( --e-global-typography-text-font-family ), Sans-serif; font-size: var( --e-global-typography-text-font-size ); font-weight: var( --e-global-typography-text-font-weight );\">Das Konto wird durch den Webmaster angelegt. Wir verwenden die von Dir im Beitrittsformular angegebene E-Mail-Adresse. An diese werden auch Deine Zugangsdaten geschickt.<\/span><\/p><p>Zu allgemeinen Terminen, (z.B. Versammlungen, Feiern) wird per E-Mail eingeladen.<\/p><\/div>\n\t\t\t\t<\/div>\n\t\t\t\t\t\t\t<div class=\"elementor-toggle-item\">\n\t\t\t\t\t<div id=\"elementor-tab-title-4573\" class=\"elementor-tab-title\" data-tab=\"3\" role=\"button\" aria-controls=\"elementor-tab-content-4573\" aria-expanded=\"false\">\n\t\t\t\t\t\t\t\t\t\t\t\t<span class=\"elementor-toggle-icon elementor-toggle-icon-left\" aria-hidden=\"true\">\n\t\t\t\t\t\t\t\t\t\t\t\t\t\t\t<span class=\"elementor-toggle-icon-closed\"><i class=\"fas fa-caret-right\"><\/i><\/span>\n\t\t\t\t\t\t\t\t<span class=\"elementor-toggle-icon-opened\"><i class=\"elementor-toggle-icon-opened fas fa-caret-up\"><\/i><\/span>\n\t\t\t\t\t\t\t\t\t\t\t\t\t<\/span>\n\t\t\t\t\t\t\t\t\t\t\t\t<a class=\"elementor-toggle-title\" tabindex=\"0\">Theorieausbildung<\/a>\n\t\t\t\t\t<\/div>\n\n\t\t\t\t\t<div id=\"elementor-tab-content-4573\" class=\"elementor-tab-content elementor-clearfix\" data-tab=\"3\" role=\"region\" aria-labelledby=\"elementor-tab-title-4573\"><p>Die notwendigen theoretischen Kenntnisse zur aktiven Teilnahme am Bordleben werden in den Monaten M\u00e4rz\/April direkt an Bord vermittelt. Das erfolgt an 3 bis 4 Abenden unter der Woche, mehrfach wiederholt an wechselnden Tagen. So sollte jedem die Teilnahme m\u00f6glich sein. Die hier vermittelten Kenntnisse sind Grundlage f\u00fcr die folgenden Praxiseinheiten \u2013 gut investierte Zeit also f\u00fcr eine erfolgreiche und sichere Zeit auf unserem sch\u00f6nen Schiff.<\/p><\/div>\n\t\t\t\t<\/div>\n\t\t\t\t\t\t\t<div class=\"elementor-toggle-item\">\n\t\t\t\t\t<div id=\"elementor-tab-title-4574\" class=\"elementor-tab-title\" data-tab=\"4\" role=\"button\" aria-controls=\"elementor-tab-content-4574\" aria-expanded=\"false\">\n\t\t\t\t\t\t\t\t\t\t\t\t<span class=\"elementor-toggle-icon elementor-toggle-icon-left\" aria-hidden=\"true\">\n\t\t\t\t\t\t\t\t\t\t\t\t\t\t\t<span class=\"elementor-toggle-icon-closed\"><i class=\"fas fa-caret-right\"><\/i><\/span>\n\t\t\t\t\t\t\t\t<span class=\"elementor-toggle-icon-opened\"><i class=\"elementor-toggle-icon-opened fas fa-caret-up\"><\/i><\/span>\n\t\t\t\t\t\t\t\t\t\t\t\t\t<\/span>\n\t\t\t\t\t\t\t\t\t\t\t\t<a class=\"elementor-toggle-title\" tabindex=\"0\">Ausbildungst\u00f6rns<\/a>\n\t\t\t\t\t<\/div>\n\n\t\t\t\t\t<div id=\"elementor-tab-content-4574\" class=\"elementor-tab-content elementor-clearfix\" data-tab=\"4\" role=\"region\" aria-labelledby=\"elementor-tab-title-4574\"><p>Die praktische Ausbildung findet an 1 oder 2 Wochenenden (jeweils Samstag und Sonntag, keine Nachtfahrt) zum Saisonbeginn statt. Hier werden insbesondere sicherheitsrelevante Themen vermittelt und ge\u00fcbt. Aber auch das Segeln kommt nicht zu kurz. Um die Sicherheit an Bord zu gew\u00e4hrleisten, ist dieser Ausbildungst\u00f6rn f\u00fcr alle Crewmitglieder verpflichtend, auch f\u00fcr die Mitarbeitenden der Komb\u00fcse.<\/p><\/div>\n\t\t\t\t<\/div>\n\t\t\t\t\t\t\t<div class=\"elementor-toggle-item\">\n\t\t\t\t\t<div id=\"elementor-tab-title-4575\" class=\"elementor-tab-title\" data-tab=\"5\" role=\"button\" aria-controls=\"elementor-tab-content-4575\" aria-expanded=\"false\">\n\t\t\t\t\t\t\t\t\t\t\t\t<span class=\"elementor-toggle-icon elementor-toggle-icon-left\" aria-hidden=\"true\">\n\t\t\t\t\t\t\t\t\t\t\t\t\t\t\t<span class=\"elementor-toggle-icon-closed\"><i class=\"fas fa-caret-right\"><\/i><\/span>\n\t\t\t\t\t\t\t\t<span class=\"elementor-toggle-icon-opened\"><i class=\"elementor-toggle-icon-opened fas fa-caret-up\"><\/i><\/span>\n\t\t\t\t\t\t\t\t\t\t\t\t\t<\/span>\n\t\t\t\t\t\t\t\t\t\t\t\t<a class=\"elementor-toggle-title\" tabindex=\"0\">Dokumente zum Selbststudium<\/a>\n\t\t\t\t\t<\/div>\n\n\t\t\t\t\t<div id=\"elementor-tab-content-4575\" class=\"elementor-tab-content elementor-clearfix\" data-tab=\"5\" role=\"region\" aria-labelledby=\"elementor-tab-title-4575\"><p>F\u00fcr den Anfang und um die Wartezeit zu \u00fcberbr\u00fccken empfiehlt es sich, das Segelhandbuch sowie die sonstigen <a href=\"https:\/\/santa-barbara-anna.de\/en\/intern\/interne-dokumente\/\">Dokumente<\/a> (Handb\u00fccher und Details) aus dem internen Bereich unserer Homepage herunterzuladen und darin zu st\u00f6bern. Lass dich von der F\u00fclle der Informationen nicht erschlagen und versuche nicht, alles auswendig zu lernen! Du erh\u00e4ltst jedenfalls einen ersten Eindruck vom Schiffsbetrieb und kannst dich schon mal mit ein paar Begriffen vertraut machen. Was auf keinen Fall schadet, ist ein wenig Knotenkunde (siehe unser Segelhandbuch). Hierzu gibt es auch zahlreiche Anleitungen auf Youtube und\/oder im Buchhandel.<\/p><\/div>\n\t\t\t\t<\/div>\n\t\t\t\t\t\t\t<div class=\"elementor-toggle-item\">\n\t\t\t\t\t<div id=\"elementor-tab-title-4576\" class=\"elementor-tab-title\" data-tab=\"6\" role=\"button\" aria-controls=\"elementor-tab-content-4576\" aria-expanded=\"false\">\n\t\t\t\t\t\t\t\t\t\t\t\t<span class=\"elementor-toggle-icon elementor-toggle-icon-left\" aria-hidden=\"true\">\n\t\t\t\t\t\t\t\t\t\t\t\t\t\t\t<span class=\"elementor-toggle-icon-closed\"><i class=\"fas fa-caret-right\"><\/i><\/span>\n\t\t\t\t\t\t\t\t<span class=\"elementor-toggle-icon-opened\"><i class=\"elementor-toggle-icon-opened fas fa-caret-up\"><\/i><\/span>\n\t\t\t\t\t\t\t\t\t\t\t\t\t<\/span>\n\t\t\t\t\t\t\t\t\t\t\t\t<a class=\"elementor-toggle-title\" tabindex=\"0\">Ausfahrten<\/a>\n\t\t\t\t\t<\/div>\n\n\t\t\t\t\t<div id=\"elementor-tab-content-4576\" class=\"elementor-tab-content elementor-clearfix\" data-tab=\"6\" role=\"region\" aria-labelledby=\"elementor-tab-title-4576\"><p>F\u00fcr unsere T\u00f6rns besteht die Crew f\u00fcr gew\u00f6hnlich aus ca. 10 bis 15 Personen: Kapit\u00e4n, Steuermann, Bootsmann, Maschinist, Koch, Decksh\u00e4nde und Trainees. Die Trainees werden hierbei von der Stammcrew in allen Belangen des Schiffsbetriebs angeleitet. Mit dem so erlernten Handwerkszeug k\u00f6nnt ihr Euch zu gegebener Zeit selbst als Deckshand qualifizieren und Teil der Stammcrew zu werden.<\/p><p>Alle Mitglieder, die an einem T\u00f6rn teilnehmen m\u00f6chten, melden sich im T\u00f6rnplan online an. Ihr erhaltet eine sofortige Anmeldebest\u00e4tigung und ungef\u00e4hr 7 Tage vor dem Termin vom Skipper eine Benachrichtigung, ob die Anmeldung f\u00fcr die Besetzung ber\u00fccksichtigt werden kann.<\/p><\/div>\n\t\t\t\t<\/div>\n\t\t\t\t\t\t\t<div class=\"elementor-toggle-item\">\n\t\t\t\t\t<div id=\"elementor-tab-title-4577\" class=\"elementor-tab-title\" data-tab=\"7\" role=\"button\" aria-controls=\"elementor-tab-content-4577\" aria-expanded=\"false\">\n\t\t\t\t\t\t\t\t\t\t\t\t<span class=\"elementor-toggle-icon elementor-toggle-icon-left\" aria-hidden=\"true\">\n\t\t\t\t\t\t\t\t\t\t\t\t\t\t\t<span class=\"elementor-toggle-icon-closed\"><i class=\"fas fa-caret-right\"><\/i><\/span>\n\t\t\t\t\t\t\t\t<span class=\"elementor-toggle-icon-opened\"><i class=\"elementor-toggle-icon-opened fas fa-caret-up\"><\/i><\/span>\n\t\t\t\t\t\t\t\t\t\t\t\t\t<\/span>\n\t\t\t\t\t\t\t\t\t\t\t\t<a class=\"elementor-toggle-title\" tabindex=\"0\">Noch Fragen?<\/a>\n\t\t\t\t\t<\/div>\n\n\t\t\t\t\t<div id=\"elementor-tab-content-4577\" class=\"elementor-tab-content elementor-clearfix\" data-tab=\"7\" role=\"region\" aria-labelledby=\"elementor-tab-title-4577\"><p>Informationen zu Schiff \/ T\u00f6rndurchf\u00fchrung \/ Ausbildung erhaltet ihr vom Skipper Peter Mai.<br \/>Allgemeine Infos f\u00fcr Neumitglieder erhaltet ihr von Ulrike Ahrens. Ihr erreicht sie per E-Mail unter mitgliederbetreuung@bramschot.de<\/p><\/div>\n\t\t\t\t<\/div>\n\t\t\t\t\t\t\t\t<\/div>\n\t\t\t\t\t\t<\/div>\n\t\t\t\t<\/div>\n\t\t\t\t\t<\/div>\n\t\t<\/div>\n\t\t\t\t\t<\/div>\n\t\t<\/section>\n\t\t\t\t<section class=\"elementor-section elementor-top-section elementor-element elementor-element-a9f0928 elementor-section-boxed elementor-section-height-default elementor-section-height-default\" data-id=\"a9f0928\" data-element_type=\"section\" data-e-type=\"section\" data-settings=\"{&quot;jet_parallax_layout_list&quot;:[]}\">\n\t\t\t\t\t\t<div class=\"elementor-container elementor-column-gap-default\">\n\t\t\t\t\t<div class=\"elementor-column elementor-col-100 elementor-top-column elementor-element elementor-element-e5a6831\" data-id=\"e5a6831\" data-element_type=\"column\" data-e-type=\"column\">\n\t\t\t<div class=\"elementor-widget-wrap elementor-element-populated\">\n\t\t\t\t\t\t<div class=\"elementor-element elementor-element-4f26823 elementor-widget elementor-widget-text-editor\" data-id=\"4f26823\" data-element_type=\"widget\" data-e-type=\"widget\" data-widget_type=\"text-editor.default\">\n\t\t\t\t<div class=\"elementor-widget-container\">\n\t\t\t\t\t\t\t\t\t<p>Soweit ein kleiner \u00dcberblick, alles andere dann hoffentlich bald mal pers\u00f6nlich an Bord!<\/p>\t\t\t\t\t\t\t\t<\/div>\n\t\t\t\t<\/div>\n\t\t\t\t<div class=\"elementor-element elementor-element-ae0b2c3 elementor-widget elementor-widget-spacer\" data-id=\"ae0b2c3\" data-element_type=\"widget\" data-e-type=\"widget\" data-widget_type=\"spacer.default\">\n\t\t\t\t<div class=\"elementor-widget-container\">\n\t\t\t\t\t\t\t<div class=\"elementor-spacer\">\n\t\t\t<div class=\"elementor-spacer-inner\"><\/div>\n\t\t<\/div>\n\t\t\t\t\t\t<\/div>\n\t\t\t\t<\/div>\n\t\t\t\t\t<\/div>\n\t\t<\/div>\n\t\t\t\t\t<\/div>\n\t\t<\/section>\n\t\t\t\t<\/div>","protected":false},"excerpt":{"rendered":"<p>Leitfaden f\u00fcr neue Mitglieder Neu im Verein &#8211; wie geht es jetzt weiter? Hallo und nochmals herzlich willkommen im Bramschot e.V.! Um den Einstieg ins aktive Vereinsleben ein wenig zu erleichtern, erh\u00e4ltst du nachfolgend ein paar Infos zum Vereinsgeschehen. Schiffserhalt\/Winterarbeit Unsere SANTA BARBARA ANNA allzeit fahrbereit zu erhalten, erfordert enorm viel Arbeit.&nbsp;Die wird von uns [&hellip;]<\/p>\n","protected":false},"author":1,"featured_media":0,"parent":0,"menu_order":0,"comment_status":"closed","ping_status":"closed","template":"","meta":{"inline_featured_image":false,"footnotes":""},"class_list":["post-171","page","type-page","status-publish","hentry"],"_links":{"self":[{"href":"https:\/\/santa-barbara-anna.de\/en\/wp-json\/wp\/v2\/pages\/171","targetHints":{"allow":["GET"]}}],"collection":[{"href":"https:\/\/santa-barbara-anna.de\/en\/wp-json\/wp\/v2\/pages"}],"about":[{"href":"https:\/\/santa-barbara-anna.de\/en\/wp-json\/wp\/v2\/types\/page"}],"author":[{"embeddable":true,"href":"https:\/\/santa-barbara-anna.de\/en\/wp-json\/wp\/v2\/users\/1"}],"replies":[{"embeddable":true,"href":"https:\/\/santa-barbara-anna.de\/en\/wp-json\/wp\/v2\/comments?post=171"}],"version-history":[{"count":5,"href":"https:\/\/santa-barbara-anna.de\/en\/wp-json\/wp\/v2\/pages\/171\/revisions"}],"predecessor-version":[{"id":2558,"href":"https:\/\/santa-barbara-anna.de\/en\/wp-json\/wp\/v2\/pages\/171\/revisions\/2558"}],"wp:attachment":[{"href":"https:\/\/santa-barbara-anna.de\/en\/wp-json\/wp\/v2\/media?parent=171"}],"curies":[{"name":"wp","href":"https:\/\/api.w.org\/{rel}","templated":true}]}}